{"id":734,"date":"2025-11-11T00:12:57","date_gmt":"2025-11-10T23:12:57","guid":{"rendered":"https:\/\/adell-trading.hiseo.cz\/?page_id=734"},"modified":"2025-12-12T01:09:49","modified_gmt":"2025-12-12T00:09:49","slug":"o-nas","status":"publish","type":"page","link":"https:\/\/adell-games.com\/pl\/o-nas\/","title":{"rendered":"O nas"},"content":{"rendered":"<div data-elementor-type=\"wp-page\" data-elementor-id=\"734\" class=\"elementor elementor-734\" data-elementor-post-type=\"page\">\n\t\t\t\t<div class=\"elementor-element elementor-element-874bfcd e-flex e-con-boxed e-con e-parent\" data-id=\"874bfcd\" data-element_type=\"container\">\n\t\t\t\t\t<div class=\"e-con-inner\">\n\t\t<div class=\"elementor-element elementor-element-dc8e57b e-con-full elementor-hidden-mobile e-flex elementor-invisible e-con e-child\" data-id=\"dc8e57b\" data-element_type=\"container\" data-settings=\"{&quot;background_background&quot;:&quot;classic&quot;,&quot;animation&quot;:&quot;slideInUp&quot;}\">\n\t\t\t\t<\/div>\n\t\t<div class=\"elementor-element elementor-element-ff16054 e-con-full animated-slow e-flex elementor-invisible e-con e-child\" data-id=\"ff16054\" data-element_type=\"container\" data-settings=\"{&quot;animation&quot;:&quot;slideInUp&quot;,&quot;animation_delay&quot;:100}\">\n\t\t<div class=\"elementor-element elementor-element-9a84377 e-con-full e-flex e-con e-child\" data-id=\"9a84377\" data-element_type=\"container\" data-settings=\"{&quot;background_background&quot;:&quot;classic&quot;}\">\n\t\t\t\t<div class=\"elementor-element elementor-element-2d2f864 elementor-widget elementor-widget-heading\" data-id=\"2d2f864\" data-element_type=\"widget\" data-widget_type=\"heading.default\">\n\t\t\t\t\t<h2 class=\"elementor-heading-title elementor-size-default\">Jeste\u015bmy ADELL Games!<\/h2>\t\t\t\t<\/div>\n\t\t\t\t<div class=\"elementor-element elementor-element-e521b48 elementor-widget-divider--view-line elementor-widget elementor-widget-divider\" data-id=\"e521b48\" data-element_type=\"widget\" data-widget_type=\"divider.default\">\n\t\t\t\t\t\t\t<div class=\"elementor-divider\">\n\t\t\t<span class=\"elementor-divider-separator\">\n\t\t\t\t\t\t<\/span>\n\t\t<\/div>\n\t\t\t\t\t\t<\/div>\n\t\t\t\t<div class=\"elementor-element elementor-element-946418b elementor-widget elementor-widget-text-editor\" data-id=\"946418b\" data-element_type=\"widget\" data-widget_type=\"text-editor.default\">\n\t\t\t\t\t\t\t\t\t<p class=\"v1MsoListParagraph\">Zesp\u00f3\u0142, kt\u00f3ry \u0142\u0105czy wi\u0119cej ni\u017c <span style=\"color: #998542;\"><strong>20 lat do\u015bwiadczenia\u00a0<\/strong><\/span>z rozwoju platform do gier z odwa\u017cnymi innowacjami w tytu\u0142ach kasyn online.<\/p><p class=\"v1MsoListParagraph\">Tworzymy atrakcyjne i niezawodne technicznie gry dla wymagaj\u0105cych partner\u00f3w w nast\u0119puj\u0105cych bran\u017cach\u00a0<span style=\"color: #998542;\"><strong>Republika Czeska<\/strong><\/span>\u00a0i\u00a0<span style=\"color: #998542;\"><strong>za granic\u0105<\/strong><\/span>. Z ponad setk\u0105 uko\u0144czonych gier, obecno\u015bci\u0105 na siedmiu certyfikowanych rynkach i \u015bcis\u0142\u0105 wsp\u00f3\u0142prac\u0105 z ponad czterdziestoma operatorami, zapewniamy graczom najwy\u017csz\u0105 jako\u015b\u0107.<strong>\u00a0<span style=\"color: #998542;\">jako\u015b\u0107, bezpiecze\u0144stwo\u00a0<\/span><\/strong>a <span style=\"color: #99cc00;\"><strong><span style=\"color: #998542;\">rozrywka<\/span>.<\/strong><\/span><\/p>\t\t\t\t\t\t\t\t<\/div>\n\t\t\t\t<\/div>\n\t\t\t\t<\/div>\n\t\t\t\t\t<\/div>\n\t\t\t\t<\/div>\n\t\t<div class=\"elementor-element elementor-element-1961a61 e-flex e-con-boxed e-con e-parent\" data-id=\"1961a61\" data-element_type=\"container\">\n\t\t\t\t\t<div class=\"e-con-inner\">\n\t\t\t\t<div class=\"elementor-element elementor-element-13718c8 elementor-widget elementor-widget-heading\" data-id=\"13718c8\" data-element_type=\"widget\" data-widget_type=\"heading.default\">\n\t\t\t\t\t<h2 class=\"elementor-heading-title elementor-size-default\">Historia<\/h2>\t\t\t\t<\/div>\n\t\t\t\t\t<\/div>\n\t\t\t\t<\/div>\n\t\t<div class=\"elementor-element elementor-element-e870289 e-flex e-con-boxed e-con e-parent\" data-id=\"e870289\" data-element_type=\"container\">\n\t\t\t\t\t<div class=\"e-con-inner\">\n\t\t<div class=\"elementor-element elementor-element-f17fe49 e-con-full e-flex elementor-invisible e-con e-child\" data-id=\"f17fe49\" data-element_type=\"container\" data-settings=\"{&quot;animation&quot;:&quot;slideInUp&quot;}\">\n\t\t\t\t<div class=\"elementor-element elementor-element-80f454d elementor-widget elementor-widget-heading\" data-id=\"80f454d\" data-element_type=\"widget\" data-widget_type=\"heading.default\">\n\t\t\t\t\t<h2 class=\"elementor-heading-title elementor-size-default\">2005<\/h2>\t\t\t\t<\/div>\n\t\t\t\t<div class=\"elementor-element elementor-element-f4b40f7 elementor-widget elementor-widget-text-editor\" data-id=\"f4b40f7\" data-element_type=\"widget\" data-widget_type=\"text-editor.default\">\n\t\t\t\t\t\t\t\t\t<p>Firma zosta\u0142a za\u0142o\u017cona pod nazw\u0105 <strong>Apex Trading a.s.<\/strong> i zajmowa\u0142a si\u0119 handlem terminalami loterii wideo w Czechach i na S\u0142owacji.<\/p>\t\t\t\t\t\t\t\t<\/div>\n\t\t\t\t<\/div>\n\t\t<div class=\"elementor-element elementor-element-1a03500 e-con-full e-flex e-con e-child\" data-id=\"1a03500\" data-element_type=\"container\">\n\t\t\t\t<\/div>\n\t\t\t\t\t<\/div>\n\t\t\t\t<\/div>\n\t\t<div class=\"elementor-element elementor-element-982f33c e-flex e-con-boxed e-con e-parent\" data-id=\"982f33c\" data-element_type=\"container\">\n\t\t\t\t\t<div class=\"e-con-inner\">\n\t\t<div class=\"elementor-element elementor-element-dfdda43 e-con-full e-flex e-con e-child\" data-id=\"dfdda43\" data-element_type=\"container\">\n\t\t\t\t<\/div>\n\t\t<div class=\"elementor-element elementor-element-a2d859c e-con-full e-flex elementor-invisible e-con e-child\" data-id=\"a2d859c\" data-element_type=\"container\" data-settings=\"{&quot;animation&quot;:&quot;slideInUp&quot;}\">\n\t\t\t\t<div class=\"elementor-element elementor-element-a2428a0 elementor-widget elementor-widget-heading\" data-id=\"a2428a0\" data-element_type=\"widget\" data-widget_type=\"heading.default\">\n\t\t\t\t\t<h2 class=\"elementor-heading-title elementor-size-default\">2009<\/h2>\t\t\t\t<\/div>\n\t\t\t\t<div class=\"elementor-element elementor-element-5c96eef elementor-widget elementor-widget-text-editor\" data-id=\"5c96eef\" data-element_type=\"widget\" data-widget_type=\"text-editor.default\">\n\t\t\t\t\t\t\t\t\t<p>Petr Z\u00e1me\u010dn\u00edk staje si\u0119 <strong>jedyny w\u0142a\u015bciciel<\/strong> Apex Trading a.s.<\/p>\t\t\t\t\t\t\t\t<\/div>\n\t\t\t\t<\/div>\n\t\t\t\t\t<\/div>\n\t\t\t\t<\/div>\n\t\t<div class=\"elementor-element elementor-element-2fab5c4 e-flex e-con-boxed e-con e-parent\" data-id=\"2fab5c4\" data-element_type=\"container\">\n\t\t\t\t\t<div class=\"e-con-inner\">\n\t\t<div class=\"elementor-element elementor-element-25c564b e-con-full e-flex elementor-invisible e-con e-child\" data-id=\"25c564b\" data-element_type=\"container\" data-settings=\"{&quot;animation&quot;:&quot;slideInUp&quot;}\">\n\t\t\t\t<div class=\"elementor-element elementor-element-dbe351a elementor-widget elementor-widget-heading\" data-id=\"dbe351a\" data-element_type=\"widget\" data-widget_type=\"heading.default\">\n\t\t\t\t\t<h2 class=\"elementor-heading-title elementor-size-default\">2011<\/h2>\t\t\t\t<\/div>\n\t\t\t\t<div class=\"elementor-element elementor-element-950aded elementor-widget elementor-widget-text-editor\" data-id=\"950aded\" data-element_type=\"widget\" data-widget_type=\"text-editor.default\">\n\t\t\t\t\t\t\t\t\t<p style=\"text-align: right;\"><strong>LUTY<\/strong><\/p><p style=\"text-align: right;\">Firma NEXT DATA s.r.o. zosta\u0142a za\u0142o\u017cona w celu tworzenia oprogramowania i sprz\u0119tu dla bran\u017cy gier.<\/p><p style=\"text-align: right;\"><strong>LISTOPAD<\/strong><\/p><p>Firma zosta\u0142a przemianowana na ADELL TRADING a.s. Obecnie kontynuuje handel terminalami do loterii wideo pod mark\u0105 ADELL.<\/p>\t\t\t\t\t\t\t\t<\/div>\n\t\t\t\t<\/div>\n\t\t<div class=\"elementor-element elementor-element-6964824 e-con-full e-flex e-con e-child\" data-id=\"6964824\" data-element_type=\"container\">\n\t\t\t\t<\/div>\n\t\t\t\t\t<\/div>\n\t\t\t\t<\/div>\n\t\t<div class=\"elementor-element elementor-element-453d9cd e-flex e-con-boxed e-con e-parent\" data-id=\"453d9cd\" data-element_type=\"container\">\n\t\t\t\t\t<div class=\"e-con-inner\">\n\t\t<div class=\"elementor-element elementor-element-2c7f145 e-con-full e-flex e-con e-child\" data-id=\"2c7f145\" data-element_type=\"container\">\n\t\t\t\t<\/div>\n\t\t<div class=\"elementor-element elementor-element-297dd68 e-con-full e-flex elementor-invisible e-con e-child\" data-id=\"297dd68\" data-element_type=\"container\" data-settings=\"{&quot;animation&quot;:&quot;slideInUp&quot;}\">\n\t\t\t\t<div class=\"elementor-element elementor-element-97c5ad2 elementor-widget elementor-widget-heading\" data-id=\"97c5ad2\" data-element_type=\"widget\" data-widget_type=\"heading.default\">\n\t\t\t\t\t<h2 class=\"elementor-heading-title elementor-size-default\">2012<\/h2>\t\t\t\t<\/div>\n\t\t\t\t<div class=\"elementor-element elementor-element-468a4e0 elementor-widget elementor-widget-text-editor\" data-id=\"468a4e0\" data-element_type=\"widget\" data-widget_type=\"text-editor.default\">\n\t\t\t\t\t\t\t\t\t<p>Firma zosta\u0142a za\u0142o\u017cona <strong>Adell SK s.r.o.<\/strong>kt\u00f3ra zosta\u0142a dystrybutorem ADELL VLT na S\u0142owacji.<\/p><p>W tym samym czasie firma rozpoczyna dystrybucj\u0119 urz\u0105dze\u0144 ADELL VLT na <strong>Polski rynek<\/strong>.<\/p>\t\t\t\t\t\t\t\t<\/div>\n\t\t\t\t<\/div>\n\t\t\t\t\t<\/div>\n\t\t\t\t<\/div>\n\t\t<div class=\"elementor-element elementor-element-8eb3266 e-flex e-con-boxed e-con e-parent\" data-id=\"8eb3266\" data-element_type=\"container\">\n\t\t\t\t\t<div class=\"e-con-inner\">\n\t\t<div class=\"elementor-element elementor-element-d0e3d42 e-con-full e-flex elementor-invisible e-con e-child\" data-id=\"d0e3d42\" data-element_type=\"container\" data-settings=\"{&quot;animation&quot;:&quot;slideInUp&quot;}\">\n\t\t\t\t<div class=\"elementor-element elementor-element-2bb9cce elementor-widget elementor-widget-heading\" data-id=\"2bb9cce\" data-element_type=\"widget\" data-widget_type=\"heading.default\">\n\t\t\t\t\t<h2 class=\"elementor-heading-title elementor-size-default\">2019<\/h2>\t\t\t\t<\/div>\n\t\t\t\t<div class=\"elementor-element elementor-element-2e6aa7a elementor-widget elementor-widget-text-editor\" data-id=\"2e6aa7a\" data-element_type=\"widget\" data-widget_type=\"text-editor.default\">\n\t\t\t\t\t\t\t\t\t<p>Firma ADELL TRADING a.s. <strong>wchodzi na rynek gier online<\/strong> i stopniowo staje si\u0119 dostawc\u0105 gier dla g\u0142\u00f3wnych operator\u00f3w w <strong>Czechy. <\/strong>Rozpocz\u0119\u0142a si\u0119 wsp\u00f3\u0142praca z operatorem <strong>Fortuna CZ<\/strong>.<\/p>\t\t\t\t\t\t\t\t<\/div>\n\t\t\t\t<\/div>\n\t\t<div class=\"elementor-element elementor-element-633786c e-con-full e-flex e-con e-child\" data-id=\"633786c\" data-element_type=\"container\">\n\t\t\t\t<\/div>\n\t\t\t\t\t<\/div>\n\t\t\t\t<\/div>\n\t\t<div class=\"elementor-element elementor-element-4d22aab e-flex e-con-boxed e-con e-parent\" data-id=\"4d22aab\" data-element_type=\"container\">\n\t\t\t\t\t<div class=\"e-con-inner\">\n\t\t<div class=\"elementor-element elementor-element-ad0be39 e-con-full e-flex e-con e-child\" data-id=\"ad0be39\" data-element_type=\"container\">\n\t\t\t\t<\/div>\n\t\t<div class=\"elementor-element elementor-element-a1da428 e-con-full e-flex elementor-invisible e-con e-child\" data-id=\"a1da428\" data-element_type=\"container\" data-settings=\"{&quot;animation&quot;:&quot;slideInUp&quot;}\">\n\t\t\t\t<div class=\"elementor-element elementor-element-e51f5dd elementor-widget elementor-widget-heading\" data-id=\"e51f5dd\" data-element_type=\"widget\" data-widget_type=\"heading.default\">\n\t\t\t\t\t<h2 class=\"elementor-heading-title elementor-size-default\">2020<\/h2>\t\t\t\t<\/div>\n\t\t\t\t<div class=\"elementor-element elementor-element-e51f154 elementor-widget elementor-widget-text-editor\" data-id=\"e51f154\" data-element_type=\"widget\" data-widget_type=\"text-editor.default\">\n\t\t\t\t\t\t\t\t\t<p>ADELL TRADING a.s. wchodzi na rynek <strong>Rynek s\u0142owacki<\/strong> i rozpoczyna wsp\u00f3\u0142prac\u0119 z <strong>Fortuna SK<\/strong>.<\/p>\t\t\t\t\t\t\t\t<\/div>\n\t\t\t\t<\/div>\n\t\t\t\t\t<\/div>\n\t\t\t\t<\/div>\n\t\t<div class=\"elementor-element elementor-element-52073e2 e-flex e-con-boxed e-con e-parent\" data-id=\"52073e2\" data-element_type=\"container\">\n\t\t\t\t\t<div class=\"e-con-inner\">\n\t\t<div class=\"elementor-element elementor-element-5cccd65 e-con-full e-flex elementor-invisible e-con e-child\" data-id=\"5cccd65\" data-element_type=\"container\" data-settings=\"{&quot;animation&quot;:&quot;slideInUp&quot;}\">\n\t\t\t\t<div class=\"elementor-element elementor-element-40617e9 elementor-widget elementor-widget-heading\" data-id=\"40617e9\" data-element_type=\"widget\" data-widget_type=\"heading.default\">\n\t\t\t\t\t<h2 class=\"elementor-heading-title elementor-size-default\">2021<\/h2>\t\t\t\t<\/div>\n\t\t\t\t<div class=\"elementor-element elementor-element-665b46f elementor-widget elementor-widget-text-editor\" data-id=\"665b46f\" data-element_type=\"widget\" data-widget_type=\"text-editor.default\">\n\t\t\t\t\t\t\t\t\t<p>Rozpocz\u0105\u0142 prac\u0119 z <strong>4 operator\u00f3w: Tipsport CZ, Chance, Sazka i Tipsport SK<\/strong>.<\/p>\t\t\t\t\t\t\t\t<\/div>\n\t\t\t\t<\/div>\n\t\t<div class=\"elementor-element elementor-element-8821695 e-con-full e-flex e-con e-child\" data-id=\"8821695\" data-element_type=\"container\">\n\t\t\t\t<\/div>\n\t\t\t\t\t<\/div>\n\t\t\t\t<\/div>\n\t\t<div class=\"elementor-element elementor-element-d59676f e-flex e-con-boxed e-con e-parent\" data-id=\"d59676f\" data-element_type=\"container\">\n\t\t\t\t\t<div class=\"e-con-inner\">\n\t\t<div class=\"elementor-element elementor-element-9a546a0 e-con-full e-flex e-con e-child\" data-id=\"9a546a0\" data-element_type=\"container\">\n\t\t\t\t<\/div>\n\t\t<div class=\"elementor-element elementor-element-c7289f1 e-con-full e-flex elementor-invisible e-con e-child\" data-id=\"c7289f1\" data-element_type=\"container\" data-settings=\"{&quot;animation&quot;:&quot;slideInUp&quot;}\">\n\t\t\t\t<div class=\"elementor-element elementor-element-064888b elementor-widget elementor-widget-heading\" data-id=\"064888b\" data-element_type=\"widget\" data-widget_type=\"heading.default\">\n\t\t\t\t\t<h2 class=\"elementor-heading-title elementor-size-default\">2022<\/h2>\t\t\t\t<\/div>\n\t\t\t\t<div class=\"elementor-element elementor-element-848e548 elementor-widget elementor-widget-text-editor\" data-id=\"848e548\" data-element_type=\"widget\" data-widget_type=\"text-editor.default\">\n\t\t\t\t\t\t\t\t\t<p>Firma wchodzi na rynek <strong>Polski rynek<\/strong>. Wsp\u00f3\u0142praca zosta\u0142a nawi\u0105zana z <strong>Totalizator PL<\/strong> a <strong>Typ SK.<\/strong><\/p>\t\t\t\t\t\t\t\t<\/div>\n\t\t\t\t<\/div>\n\t\t\t\t\t<\/div>\n\t\t\t\t<\/div>\n\t\t<div class=\"elementor-element elementor-element-c5be472 e-flex e-con-boxed e-con e-parent\" data-id=\"c5be472\" data-element_type=\"container\">\n\t\t\t\t\t<div class=\"e-con-inner\">\n\t\t<div class=\"elementor-element elementor-element-c7c0a9b e-con-full e-flex elementor-invisible e-con e-child\" data-id=\"c7c0a9b\" data-element_type=\"container\" data-settings=\"{&quot;animation&quot;:&quot;slideInUp&quot;}\">\n\t\t\t\t<div class=\"elementor-element elementor-element-6e3578d elementor-widget elementor-widget-heading\" data-id=\"6e3578d\" data-element_type=\"widget\" data-widget_type=\"heading.default\">\n\t\t\t\t\t<h2 class=\"elementor-heading-title elementor-size-default\">2023<\/h2>\t\t\t\t<\/div>\n\t\t\t\t<div class=\"elementor-element elementor-element-ec17c48 elementor-widget elementor-widget-text-editor\" data-id=\"ec17c48\" data-element_type=\"widget\" data-widget_type=\"text-editor.default\">\n\t\t\t\t\t\t\t\t\t<p>Nawi\u0105zywanie wsp\u00f3\u0142pracy <strong>z Betano CZ, Nike SK <\/strong>i innych operator\u00f3w.<\/p>\t\t\t\t\t\t\t\t<\/div>\n\t\t\t\t<\/div>\n\t\t<div class=\"elementor-element elementor-element-73bc4de e-con-full e-flex e-con e-child\" data-id=\"73bc4de\" data-element_type=\"container\">\n\t\t\t\t<\/div>\n\t\t\t\t\t<\/div>\n\t\t\t\t<\/div>\n\t\t<div class=\"elementor-element elementor-element-37f054c e-flex e-con-boxed e-con e-parent\" data-id=\"37f054c\" data-element_type=\"container\">\n\t\t\t\t\t<div class=\"e-con-inner\">\n\t\t<div class=\"elementor-element elementor-element-407ca34 e-con-full e-flex e-con e-child\" data-id=\"407ca34\" data-element_type=\"container\">\n\t\t\t\t<\/div>\n\t\t<div class=\"elementor-element elementor-element-bd17e19 e-con-full e-flex elementor-invisible e-con e-child\" data-id=\"bd17e19\" data-element_type=\"container\" data-settings=\"{&quot;animation&quot;:&quot;slideInUp&quot;}\">\n\t\t\t\t<div class=\"elementor-element elementor-element-5345c15 elementor-widget elementor-widget-heading\" data-id=\"5345c15\" data-element_type=\"widget\" data-widget_type=\"heading.default\">\n\t\t\t\t\t<h2 class=\"elementor-heading-title elementor-size-default\">2024<\/h2>\t\t\t\t<\/div>\n\t\t\t\t<div class=\"elementor-element elementor-element-fbdec22 elementor-widget elementor-widget-text-editor\" data-id=\"fbdec22\" data-element_type=\"widget\" data-widget_type=\"text-editor.default\">\n\t\t\t\t\t\t\t\t\t<p><strong>PA\u0179DZIERNIK<\/strong><\/p><p>Kontynuacja ekspansji na inne rynki mi\u0119dzynarodowe. Wsp\u00f3\u0142praca i certyfikacja BMM dla dzia\u0142alno\u015bci zwi\u0105zanej z grami w <strong>Republika Po\u0142udniowej Afryki<\/strong>.<\/p><p><strong>LISTOPAD<\/strong><\/p><p>Wsp\u00f3\u0142praca z operatorami w <strong>\u0141otwa<\/strong>.<\/p>\t\t\t\t\t\t\t\t<\/div>\n\t\t\t\t<\/div>\n\t\t\t\t\t<\/div>\n\t\t\t\t<\/div>\n\t\t<div class=\"elementor-element elementor-element-6d07bdf e-flex e-con-boxed e-con e-parent\" data-id=\"6d07bdf\" data-element_type=\"container\">\n\t\t\t\t\t<div class=\"e-con-inner\">\n\t\t<div class=\"elementor-element elementor-element-918f903 e-con-full e-flex elementor-invisible e-con e-child\" data-id=\"918f903\" data-element_type=\"container\" data-settings=\"{&quot;animation&quot;:&quot;slideInUp&quot;}\">\n\t\t\t\t<div class=\"elementor-element elementor-element-fc6b1a0 elementor-widget elementor-widget-heading\" data-id=\"fc6b1a0\" data-element_type=\"widget\" data-widget_type=\"heading.default\">\n\t\t\t\t\t<h2 class=\"elementor-heading-title elementor-size-default\">2025<\/h2>\t\t\t\t<\/div>\n\t\t\t\t<div class=\"elementor-element elementor-element-065dd6d elementor-widget elementor-widget-text-editor\" data-id=\"065dd6d\" data-element_type=\"widget\" data-widget_type=\"text-editor.default\">\n\t\t\t\t\t\t\t\t\t<p>Nawi\u0105zano wsp\u00f3\u0142prac\u0119 z operatorami w<strong> Chorwacja, Litwa<\/strong> a <strong>Serbia<\/strong>.<\/p><p>Mi\u0119dzynarodowa certyfikacja gier GLI na inne rynki zagraniczne jest w toku, w tym <strong>Brazylia<\/strong> a <strong>Portugalia<\/strong>.<\/p>\t\t\t\t\t\t\t\t<\/div>\n\t\t\t\t<\/div>\n\t\t<div class=\"elementor-element elementor-element-3b1c5b8 e-con-full e-flex e-con e-child\" data-id=\"3b1c5b8\" data-element_type=\"container\">\n\t\t\t\t<\/div>\n\t\t\t\t\t<\/div>\n\t\t\t\t<\/div>\n\t\t<div class=\"elementor-element elementor-element-7c408e5 e-flex e-con-boxed e-con e-parent\" data-id=\"7c408e5\" data-element_type=\"container\">\n\t\t\t\t\t<div class=\"e-con-inner\">\n\t\t\t\t\t<\/div>\n\t\t\t\t<\/div>\n\t\t\t\t<\/div>","protected":false},"excerpt":{"rendered":"<p>Jsme\u00a0ADELL Games! T\u00fdm, kter\u00fd spojuje v\u00edce ne\u017e 20 let zku\u0161enost\u00ed\u00a0z v\u00fdvoje hern\u00edch platforem s odv\u00e1\u017en\u00fdmi inovacemi v oblasti online kasinov\u00fdch titul\u016f. Vytv\u00e1\u0159\u00edme atraktivn\u00ed a technicky spolehliv\u00e9 hry pro n\u00e1ro\u010dn\u00e9 partnery\u00a0v\u00a0\u010cesku\u00a0i\u00a0v zahrani\u010d\u00ed. D\u00edky v\u00edce ne\u017e stovce hotov\u00fdch her, p\u016fsobnosti na sedmi certifikovan\u00fdch trz\u00edch a \u00fazk\u00e9 spolupr\u00e1ci s v\u00edce ne\u017e \u010dty\u0159iceti provozovateli p\u0159in\u00e1\u0161\u00edme hr\u00e1\u010d\u016fm maxim\u00e1ln\u00ed\u00a0kvalitu, bezpe\u010dnost\u00a0a z\u00e1bavu. [&hellip;]<\/p>","protected":false},"author":1,"featured_media":0,"parent":0,"menu_order":0,"comment_status":"closed","ping_status":"closed","template":"","meta":{"_acf_changed":false,"footnotes":""},"class_list":["post-734","page","type-page","status-publish","hentry"],"acf":[],"_links":{"self":[{"href":"https:\/\/adell-games.com\/pl\/wp-json\/wp\/v2\/pages\/734","targetHints":{"allow":["GET"]}}],"collection":[{"href":"https:\/\/adell-games.com\/pl\/wp-json\/wp\/v2\/pages"}],"about":[{"href":"https:\/\/adell-games.com\/pl\/wp-json\/wp\/v2\/types\/page"}],"author":[{"embeddable":true,"href":"https:\/\/adell-games.com\/pl\/wp-json\/wp\/v2\/users\/1"}],"replies":[{"embeddable":true,"href":"https:\/\/adell-games.com\/pl\/wp-json\/wp\/v2\/comments?post=734"}],"version-history":[{"count":0,"href":"https:\/\/adell-games.com\/pl\/wp-json\/wp\/v2\/pages\/734\/revisions"}],"wp:attachment":[{"href":"https:\/\/adell-games.com\/pl\/wp-json\/wp\/v2\/media?parent=734"}],"curies":[{"name":"wp","href":"https:\/\/api.w.org\/{rel}","templated":true}]}}